{"id":6,"date":"2024-02-24T15:31:16","date_gmt":"2024-02-24T15:31:16","guid":{"rendered":"https:\/\/osmestres.org\/?page_id=6"},"modified":"2025-08-21T02:03:52","modified_gmt":"2025-08-21T02:03:52","slug":"about-us","status":"publish","type":"page","link":"https:\/\/osmestres.org\/index.php\/about-us\/","title":{"rendered":"SOBRE NOSOTROS"},"content":{"rendered":"\t\t<div data-elementor-type=\"wp-page\" data-elementor-id=\"6\" class=\"elementor elementor-6\" data-elementor-post-type=\"page\">\n\t\t\t\t\t\t<section class=\"elementor-section elementor-top-section elementor-element elementor-element-503a4297 elementor-section-full_width elementor-section-height-min-height elementor-section-height-default elementor-section-items-middle\" data-id=\"503a4297\" data-element_type=\"section\" data-e-type=\"section\" data-settings=\"{&quot;background_background&quot;:&quot;classic&quot;}\">\n\t\t\t\t\t\t\t<div class=\"elementor-background-overlay\"><\/div>\n\t\t\t\t\t\t\t<div class=\"elementor-container elementor-column-gap-default\">\n\t\t\t\t\t<div class=\"elementor-column elementor-col-100 elementor-top-column elementor-element elementor-element-6ddbc8a5\" data-id=\"6ddbc8a5\" data-element_type=\"column\" data-e-type=\"column\">\n\t\t\t<div class=\"elementor-widget-wrap elementor-element-populated\">\n\t\t\t\t\t\t<div class=\"elementor-element elementor-element-5586555c elementor-widget elementor-widget-spacer\" data-id=\"5586555c\" data-element_type=\"widget\" data-e-type=\"widget\" data-widget_type=\"spacer.default\">\n\t\t\t\t<div class=\"elementor-widget-container\">\n\t\t\t\t\t\t\t<div class=\"elementor-spacer\">\n\t\t\t<div class=\"elementor-spacer-inner\"><\/div>\n\t\t<\/div>\n\t\t\t\t\t\t<\/div>\n\t\t\t\t<\/div>\n\t\t\t\t<div class=\"elementor-element elementor-element-62c668d5 elementor-widget elementor-widget-heading\" data-id=\"62c668d5\" data-element_type=\"widget\" data-e-type=\"widget\" data-widget_type=\"heading.default\">\n\t\t\t\t<div class=\"elementor-widget-container\">\n\t\t\t\t\t<h2 class=\"elementor-heading-title elementor-size-default\">Qu\u00e9 son los Illuminati?<\/h2>\t\t\t\t<\/div>\n\t\t\t\t<\/div>\n\t\t\t\t<div class=\"elementor-element elementor-element-bbd0d70 elementor-align-center elementor-widget elementor-widget-button\" data-id=\"bbd0d70\" data-element_type=\"widget\" data-e-type=\"widget\" data-widget_type=\"button.default\">\n\t\t\t\t<div class=\"elementor-widget-container\">\n\t\t\t\t\t\t\t\t\t<div class=\"elementor-button-wrapper\">\n\t\t\t\t\t<a class=\"elementor-button elementor-button-link elementor-size-sm elementor-animation-pulse\" href=\"https:\/\/wa.link\/35mgwc\">\n\t\t\t\t\t\t<span class=\"elementor-button-content-wrapper\">\n\t\t\t\t\t\t\t\t\t<span class=\"elementor-button-text\">H\u00c1GASE SOCIO<\/span>\n\t\t\t\t\t<\/span>\n\t\t\t\t\t<\/a>\n\t\t\t\t<\/div>\n\t\t\t\t\t\t\t\t<\/div>\n\t\t\t\t<\/div>\n\t\t\t\t\t<\/div>\n\t\t<\/div>\n\t\t\t\t\t<\/div>\n\t\t<\/section>\n\t\t\t\t<section class=\"elementor-section elementor-top-section elementor-element elementor-element-67c4c08c elementor-section-boxed elementor-section-height-default elementor-section-height-default\" data-id=\"67c4c08c\" data-element_type=\"section\" data-e-type=\"section\" data-settings=\"{&quot;background_background&quot;:&quot;classic&quot;}\">\n\t\t\t\t\t\t\t<div class=\"elementor-background-overlay\"><\/div>\n\t\t\t\t\t\t\t<div class=\"elementor-container elementor-column-gap-default\">\n\t\t\t\t\t<div class=\"elementor-column elementor-col-100 elementor-top-column elementor-element elementor-element-21bc476c\" data-id=\"21bc476c\" data-element_type=\"column\" data-e-type=\"column\">\n\t\t\t<div class=\"elementor-widget-wrap elementor-element-populated\">\n\t\t\t\t\t\t<div class=\"elementor-element elementor-element-7129a62e elementor-widget elementor-widget-spacer\" data-id=\"7129a62e\" data-element_type=\"widget\" data-e-type=\"widget\" data-widget_type=\"spacer.default\">\n\t\t\t\t<div class=\"elementor-widget-container\">\n\t\t\t\t\t\t\t<div class=\"elementor-spacer\">\n\t\t\t<div class=\"elementor-spacer-inner\"><\/div>\n\t\t<\/div>\n\t\t\t\t\t\t<\/div>\n\t\t\t\t<\/div>\n\t\t\t\t<div class=\"elementor-element elementor-element-19133641 elementor-widget elementor-widget-text-editor\" data-id=\"19133641\" data-element_type=\"widget\" data-e-type=\"widget\" data-widget_type=\"text-editor.default\">\n\t\t\t\t<div class=\"elementor-widget-container\">\n\t\t\t\t\t\t\t\t\t<p>Qu\u00e9 es la hermandad Illuminati? la Fraternidad es una de las organizaciones de miembros m\u00e1s hist\u00f3ricas del mundo, una fraternidad mundial de 300 a\u00f1os de antig\u00fcedad de personas con ideas afines comprometidas a mejorarse a s\u00ed mismas y a sus comunidades. Los Illuminati engloban una serie de ense\u00f1anzas morales basadas en la alegor\u00eda y el simbolismo de las antiguas fraternidades. Pero somos mucho m\u00e1s que nuestra historia. \u00bfCu\u00e1l es el objetivo de la hermandad illuminati? Estamos aqu\u00ed para encontrar amistad, prop\u00f3sito y conexi\u00f3n.<\/p><p>En su n\u00facleo, Illuminati se trata de:<\/p><p>Amistad verdadera<br \/>Muchos miembros conocen a sus mejores amigos a trav\u00e9s de la hermandad Illuminati. Esto se debe a que la masoner\u00eda ofrece una combinaci\u00f3n que es dif\u00edcil de encontrar en cualquier otro lugar: tradiciones compartidas, prop\u00f3sito compartido y un compromiso compartido para fomentar relaciones para toda la vida.<br \/>Desarrollo personal<br \/><br \/>Los antiguos Illuminati se centraban en construir estructuras. Los Illuminati de hoy se centran en construir Riqueza, Fama y Poder. Creemos en valores s\u00f3lidos y los encarnamos a trav\u00e9s de nuestras acciones, nuestras relaciones y nuestro servicio a los dem\u00e1s.<br \/>Servicio a la Comunidad<br \/>Los masones tienen la obligaci\u00f3n de apoyar a los que les rodean. Los Illuminati retribuyen de muchas maneras, desde campa\u00f1as ben\u00e9ficas locales hasta esfuerzos a nivel estatal a trav\u00e9s de la Logia Illuminati.<\/p>\t\t\t\t\t\t\t\t<\/div>\n\t\t\t\t<\/div>\n\t\t\t\t\t<\/div>\n\t\t<\/div>\n\t\t\t\t\t<\/div>\n\t\t<\/section>\n\t\t\t\t<section class=\"elementor-section elementor-top-section elementor-element elementor-element-aae9c79 elementor-section-boxed elementor-section-height-default elementor-section-height-default\" data-id=\"aae9c79\" data-element_type=\"section\" data-e-type=\"section\" data-settings=\"{&quot;background_background&quot;:&quot;classic&quot;}\">\n\t\t\t\t\t\t\t<div class=\"elementor-background-overlay\"><\/div>\n\t\t\t\t\t\t\t<div class=\"elementor-container elementor-column-gap-default\">\n\t\t\t\t\t<div class=\"elementor-column elementor-col-100 elementor-top-column elementor-element elementor-element-51299ed6\" data-id=\"51299ed6\" data-element_type=\"column\" data-e-type=\"column\">\n\t\t\t<div class=\"elementor-widget-wrap elementor-element-populated\">\n\t\t\t\t\t\t<div class=\"elementor-element elementor-element-34175b0 elementor-widget elementor-widget-heading\" data-id=\"34175b0\" data-element_type=\"widget\" data-e-type=\"widget\" data-widget_type=\"heading.default\">\n\t\t\t\t<div class=\"elementor-widget-container\">\n\t\t\t\t\t<h2 class=\"elementor-heading-title elementor-size-default\">Qui\u00e9nes somos<\/h2>\t\t\t\t<\/div>\n\t\t\t\t<\/div>\n\t\t\t\t<div class=\"elementor-element elementor-element-275c219a elementor-widget elementor-widget-text-editor\" data-id=\"275c219a\" data-element_type=\"widget\" data-e-type=\"widget\" data-widget_type=\"text-editor.default\">\n\t\t\t\t<div class=\"elementor-widget-container\">\n\t\t\t\t\t\t\t\t\t<p>Nuestro secreto no son rituales antiguos ni ceremonias secretas. Son nuestros miembros. Conozca a algunos de ellos aqu\u00ed. Nuestros miembros provienen de todos los or\u00edgenes y todos los \u00e1mbitos de la vida. Mientras que los Illuminati de los EE.UU. representan la Fraternidad Illuminati m\u00e1s grande del Mundo, no es la \u00fanica.<\/p><p>Los Illuminati operan en defensa de ustedes y de todos los humanos, en todos los lugares, y de todas las generaciones. Nuestro deber para con este planeta se ha extendido a trav\u00e9s de los siglos y ha sobrevivido incluso a las entidades gubernamentales m\u00e1s establecidas. Pero el cultivo de billones de vidas humanas es una responsabilidad desalentadora, y aunque el humano no existir\u00eda hoy sin nuestra protecci\u00f3n, muchas masas desinformadas confunden nuestra gu\u00eda con una restricci\u00f3n de la libertad. Todo ser humano desea estar libre de opresi\u00f3n, libre de penurias, libre de pobreza, libre de hambre, libre de normas y leyes, pero como comprender\u00e1s, la naturaleza de tu especie hace imposible la verdadera libertad. \u00bfEres libre de asesinar? \u00bfEres libre para robar? \u00bfSon libres los dem\u00e1s de asesinarle y robarle? \u00bfO hay ciertas libertades a las que hay que renunciar en beneficio de todos? Para ser feliz, el ser humano desea libertad; para prosperar, el ser humano necesita liderazgo. \u00c9sta es la raz\u00f3n de nuestro anonimato. Para continuar funcionando a trav\u00e9s de los cambios sociales y las diferencias generacionales, los Illuminati deben permanecer detr\u00e1s de la cortina &#8211; un extra\u00f1o, sin pertenecer a nadie y leal a todos. Puede que nunca comprendas completamente nuestro prop\u00f3sito y por qu\u00e9 est\u00e1s m\u00e1s seguro y feliz con nosotros. Simplemente abre tu mente y libera tus aprensiones, y encontrar\u00e1s el alivio de la verdad.Nunca te cogeremos de la mano y te arrastraremos por el camino como un esclavo de nuestros caprichos. Debes encontrar y recorrer el camino por ti mismo. Pero tu calidad de vida es nuestra mayor preocupaci\u00f3n, y la raz\u00f3n por la que nuestros s\u00edmbolos est\u00e1n colocados en tu sociedad como un mapa que puedes seguir si lo deseas.<\/p>\t\t\t\t\t\t\t\t<\/div>\n\t\t\t\t<\/div>\n\t\t\t\t<div class=\"elementor-element elementor-element-1c4807e2 elementor-widget elementor-widget-spacer\" data-id=\"1c4807e2\" data-element_type=\"widget\" data-e-type=\"widget\" data-widget_type=\"spacer.default\">\n\t\t\t\t<div class=\"elementor-widget-container\">\n\t\t\t\t\t\t\t<div class=\"elementor-spacer\">\n\t\t\t<div class=\"elementor-spacer-inner\"><\/div>\n\t\t<\/div>\n\t\t\t\t\t\t<\/div>\n\t\t\t\t<\/div>\n\t\t\t\t\t<\/div>\n\t\t<\/div>\n\t\t\t\t\t<\/div>\n\t\t<\/section>\n\t\t\t\t<section class=\"elementor-section elementor-top-section elementor-element elementor-element-111743da elementor-section-height-min-height elementor-section-boxed elementor-section-height-default elementor-section-items-middle\" data-id=\"111743da\" data-element_type=\"section\" data-e-type=\"section\" data-settings=\"{&quot;background_background&quot;:&quot;classic&quot;}\">\n\t\t\t\t\t\t\t<div class=\"elementor-background-overlay\"><\/div>\n\t\t\t\t\t\t\t<div class=\"elementor-container elementor-column-gap-default\">\n\t\t\t\t\t<div class=\"elementor-column elementor-col-50 elementor-top-column elementor-element elementor-element-7f81efe7\" data-id=\"7f81efe7\" data-element_type=\"column\" data-e-type=\"column\">\n\t\t\t<div class=\"elementor-widget-wrap elementor-element-populated\">\n\t\t\t\t\t\t<div class=\"elementor-element elementor-element-3fd8b1a7 elementor-widget elementor-widget-heading\" data-id=\"3fd8b1a7\" data-element_type=\"widget\" data-e-type=\"widget\" data-widget_type=\"heading.default\">\n\t\t\t\t<div class=\"elementor-widget-container\">\n\t\t\t\t\t<h2 class=\"elementor-heading-title elementor-size-default\">La pir\u00e1mide del poder Illuminati<\/h2>\t\t\t\t<\/div>\n\t\t\t\t<\/div>\n\t\t\t\t<div class=\"elementor-element elementor-element-707f9a46 elementor-widget elementor-widget-text-editor\" data-id=\"707f9a46\" data-element_type=\"widget\" data-e-type=\"widget\" data-widget_type=\"text-editor.default\">\n\t\t\t\t<div class=\"elementor-widget-container\">\n\t\t\t\t\t\t\t\t\t<p>Los Illuminati barvarianos se infiltraron en cargos p\u00fablicos y tribunales de justicia. Las estimaciones sobre el tama\u00f1o del grupo var\u00edan enormemente -algunos cifran la cifra en 650, otros en 2.500- pero, finalmente, la sociedad secreta fue desenmascarada y perseguida. Los documentos encontrados en las casas de Illuminati como el diplom\u00e1tico Franx Xavier von Zwack confirmaron sus sue\u00f1os de dominaci\u00f3n mundial. En 1785, el duque de Baviera, Karl Theodor, prohibi\u00f3 las sociedades secretas e instituy\u00f3 castigos para quienes se unieran a ellas. Pero, \u00bfse disolvieron realmente los Illuminati?<\/p><p>Robison y el abate Augustin Barruel, autores de Memorias ilustrativas de la historia del jacobinismo, sostienen que los Illuminati sobrevivieron, habi\u00e9ndose infiltrado en una sociedad literaria berlinesa y en logias mas\u00f3nicas. Adem\u00e1s, se\u00f1alan que Weishaupt fue desterrado pero no encarcelado, por lo que sigui\u00f3 escribiendo y trabajando. Barruel incluso promovi\u00f3 la teor\u00eda de que las sociedades secretas, incluidos los Illuminati, estaban detr\u00e1s de la Revoluci\u00f3n Francesa.<\/p>\t\t\t\t\t\t\t\t<\/div>\n\t\t\t\t<\/div>\n\t\t\t\t<div class=\"elementor-element elementor-element-5aff5ef elementor-align-left elementor-widget elementor-widget-button\" data-id=\"5aff5ef\" data-element_type=\"widget\" data-e-type=\"widget\" data-widget_type=\"button.default\">\n\t\t\t\t<div class=\"elementor-widget-container\">\n\t\t\t\t\t\t\t\t\t<div class=\"elementor-button-wrapper\">\n\t\t\t\t\t<a class=\"elementor-button elementor-button-link elementor-size-sm elementor-animation-pulse\" href=\"https:\/\/wa.link\/35mgwc\">\n\t\t\t\t\t\t<span class=\"elementor-button-content-wrapper\">\n\t\t\t\t\t\t\t\t\t<span class=\"elementor-button-text\">\u00danete a nosotros<\/span>\n\t\t\t\t\t<\/span>\n\t\t\t\t\t<\/a>\n\t\t\t\t<\/div>\n\t\t\t\t\t\t\t\t<\/div>\n\t\t\t\t<\/div>\n\t\t\t\t\t<\/div>\n\t\t<\/div>\n\t\t\t\t<div class=\"elementor-column elementor-col-50 elementor-top-column elementor-element elementor-element-458cb5e9\" data-id=\"458cb5e9\" data-element_type=\"column\" data-e-type=\"column\">\n\t\t\t<div class=\"elementor-widget-wrap elementor-element-populated\">\n\t\t\t\t\t\t<div class=\"elementor-element elementor-element-f23872b elementor-widget elementor-widget-image\" data-id=\"f23872b\" data-element_type=\"widget\" data-e-type=\"widget\" data-widget_type=\"image.default\">\n\t\t\t\t<div class=\"elementor-widget-container\">\n\t\t\t\t\t\t\t\t\t\t\t\t\t\t\t<img fetchpriority=\"high\" decoding=\"async\" width=\"702\" height=\"702\" src=\"https:\/\/osmestres.org\/wp-content\/uploads\/2025\/08\/WhatsApp-Image-2025-03-29-at-10.03.13-2.jpeg\" class=\"attachment-full size-full wp-image-1640\" alt=\"\" srcset=\"https:\/\/osmestres.org\/wp-content\/uploads\/2025\/08\/WhatsApp-Image-2025-03-29-at-10.03.13-2.jpeg 702w, https:\/\/osmestres.org\/wp-content\/uploads\/2025\/08\/WhatsApp-Image-2025-03-29-at-10.03.13-2-300x300.jpeg 300w, https:\/\/osmestres.org\/wp-content\/uploads\/2025\/08\/WhatsApp-Image-2025-03-29-at-10.03.13-2-150x150.jpeg 150w\" sizes=\"(max-width: 702px) 100vw, 702px\" \/>\t\t\t\t\t\t\t\t\t\t\t\t\t\t\t<\/div>\n\t\t\t\t<\/div>\n\t\t\t\t\t<\/div>\n\t\t<\/div>\n\t\t\t\t\t<\/div>\n\t\t<\/section>\n\t\t\t\t<\/div>\n\t\t","protected":false},"excerpt":{"rendered":"<p>Qu\u00e9 son los Illuminati? H\u00c1GASE SOCIO Qu\u00e9 es la hermandad Illuminati? la Fraternidad es una de las organizaciones de miembros [&hellip;]<\/p>\n","protected":false},"author":1,"featured_media":0,"parent":0,"menu_order":0,"comment_status":"closed","ping_status":"closed","template":"","meta":{"om_disable_all_campaigns":false,"_monsterinsights_skip_tracking":false,"_monsterinsights_sitenote_active":false,"_monsterinsights_sitenote_note":"","_monsterinsights_sitenote_category":0,"site-sidebar-layout":"no-sidebar","site-content-layout":"","ast-site-content-layout":"full-width-container","site-content-style":"default","site-sidebar-style":"default","ast-global-header-display":"","ast-banner-title-visibility":"","ast-main-header-display":"","ast-hfb-above-header-display":"","ast-hfb-below-header-display":"","ast-hfb-mobile-header-display":"","site-post-title":"disabled","ast-breadcrumbs-content":"","ast-featured-img":"disabled","footer-sml-layout":"","ast-disable-related-posts":"","theme-transparent-header-meta":"","adv-header-id-meta":"","stick-header-meta":"","header-above-stick-meta":"","header-main-stick-meta":"","header-below-stick-meta":"","astra-migrate-meta-layouts":"default","ast-page-background-enabled":"default","ast-page-background-meta":{"desktop":{"background-color":"var(--ast-global-color-4)","background-image":"","background-repeat":"repeat","background-position":"center center","background-size":"auto","background-attachment":"scroll","background-type":"","background-media":"","overlay-type":"","overlay-color":"","overlay-opacity":"","overlay-gradient":""},"tablet":{"background-color":"","background-image":"","background-repeat":"repeat","background-position":"center center","background-size":"auto","background-attachment":"scroll","background-type":"","background-media":"","overlay-type":"","overlay-color":"","overlay-opacity":"","overlay-gradient":""},"mobile":{"background-color":"","background-image":"","background-repeat":"repeat","background-position":"center center","background-size":"auto","background-attachment":"scroll","background-type":"","background-media":"","overlay-type":"","overlay-color":"","overlay-opacity":"","overlay-gradient":""}},"ast-content-background-meta":{"desktop":{"background-color":"var(--ast-global-color-5)","background-image":"","background-repeat":"repeat","background-position":"center center","background-size":"auto","background-attachment":"scroll","background-type":"","background-media":"","overlay-type":"","overlay-color":"","overlay-opacity":"","overlay-gradient":""},"tablet":{"background-color":"var(--ast-global-color-5)","background-image":"","background-repeat":"repeat","background-position":"center center","background-size":"auto","background-attachment":"scroll","background-type":"","background-media":"","overlay-type":"","overlay-color":"","overlay-opacity":"","overlay-gradient":""},"mobile":{"background-color":"var(--ast-global-color-5)","background-image":"","background-repeat":"repeat","background-position":"center center","background-size":"auto","background-attachment":"scroll","background-type":"","background-media":"","overlay-type":"","overlay-color":"","overlay-opacity":"","overlay-gradient":""}},"footnotes":""},"class_list":["post-6","page","type-page","status-publish","hentry"],"aioseo_notices":[],"_hostinger_reach_plugin_has_subscription_block":false,"_hostinger_reach_plugin_is_elementor":false,"_links":{"self":[{"href":"https:\/\/osmestres.org\/index.php\/wp-json\/wp\/v2\/pages\/6","targetHints":{"allow":["GET"]}}],"collection":[{"href":"https:\/\/osmestres.org\/index.php\/wp-json\/wp\/v2\/pages"}],"about":[{"href":"https:\/\/osmestres.org\/index.php\/wp-json\/wp\/v2\/types\/page"}],"author":[{"embeddable":true,"href":"https:\/\/osmestres.org\/index.php\/wp-json\/wp\/v2\/users\/1"}],"replies":[{"embeddable":true,"href":"https:\/\/osmestres.org\/index.php\/wp-json\/wp\/v2\/comments?post=6"}],"version-history":[{"count":104,"href":"https:\/\/osmestres.org\/index.php\/wp-json\/wp\/v2\/pages\/6\/revisions"}],"predecessor-version":[{"id":1874,"href":"https:\/\/osmestres.org\/index.php\/wp-json\/wp\/v2\/pages\/6\/revisions\/1874"}],"wp:attachment":[{"href":"https:\/\/osmestres.org\/index.php\/wp-json\/wp\/v2\/media?parent=6"}],"curies":[{"name":"wp","href":"https:\/\/api.w.org\/{rel}","templated":true}]}}