{"id":23,"date":"2024-02-24T15:35:15","date_gmt":"2024-02-24T15:35:15","guid":{"rendered":"https:\/\/osmestres.org\/?page_id=23"},"modified":"2025-08-21T01:59:59","modified_gmt":"2025-08-21T01:59:59","slug":"wealth-of-the-illuminati","status":"publish","type":"page","link":"https:\/\/osmestres.org\/index.php\/wealth-of-the-illuminati\/","title":{"rendered":"LA RIQUEZA DE LOS ILLUMINATI"},"content":{"rendered":"\t\t<div data-elementor-type=\"wp-page\" data-elementor-id=\"23\" class=\"elementor elementor-23\" data-elementor-post-type=\"page\">\n\t\t\t\t\t\t<section class=\"elementor-section elementor-top-section elementor-element elementor-element-272d5b52 elementor-section-boxed elementor-section-height-default elementor-section-height-default\" data-id=\"272d5b52\" data-element_type=\"section\" data-e-type=\"section\" data-settings=\"{&quot;background_background&quot;:&quot;classic&quot;}\">\n\t\t\t\t\t\t\t<div class=\"elementor-background-overlay\"><\/div>\n\t\t\t\t\t\t\t<div class=\"elementor-container elementor-column-gap-default\">\n\t\t\t\t\t<div class=\"elementor-column elementor-col-100 elementor-top-column elementor-element elementor-element-21928b70\" data-id=\"21928b70\" data-element_type=\"column\" data-e-type=\"column\">\n\t\t\t<div class=\"elementor-widget-wrap elementor-element-populated\">\n\t\t\t\t\t\t<div class=\"elementor-element elementor-element-75e23623 elementor-widget elementor-widget-spacer\" data-id=\"75e23623\" data-element_type=\"widget\" data-e-type=\"widget\" data-widget_type=\"spacer.default\">\n\t\t\t\t<div class=\"elementor-widget-container\">\n\t\t\t\t\t\t\t<div class=\"elementor-spacer\">\n\t\t\t<div class=\"elementor-spacer-inner\"><\/div>\n\t\t<\/div>\n\t\t\t\t\t\t<\/div>\n\t\t\t\t<\/div>\n\t\t\t\t<div class=\"elementor-element elementor-element-7fd2154e elementor-widget elementor-widget-heading\" data-id=\"7fd2154e\" data-element_type=\"widget\" data-e-type=\"widget\" data-widget_type=\"heading.default\">\n\t\t\t\t<div class=\"elementor-widget-container\">\n\t\t\t\t\t<h2 class=\"elementor-heading-title elementor-size-default\">No es casualidad que todos los l\u00edderes mundiales posean vastas redes de riqueza.<\/h2>\t\t\t\t<\/div>\n\t\t\t\t<\/div>\n\t\t\t\t<div class=\"elementor-element elementor-element-5d4b46b8 elementor-widget elementor-widget-text-editor\" data-id=\"5d4b46b8\" data-element_type=\"widget\" data-e-type=\"widget\" data-widget_type=\"text-editor.default\">\n\t\t\t\t<div class=\"elementor-widget-container\">\n\t\t\t\t\t\t\t\t\t<div class=\" vc_custom_1420668037269\"><div id=\"text-block-4\" class=\"mk-text-block \"><p>No hay reyes ni reinas ni presidentes pobres. Incluso los pont\u00edfices son m\u00e1s ricos que la mayor\u00eda en este planeta. La ausencia de necesidad de dinero elimina muchas de sus amenazas: cuesta m\u00e1s sobornar a alguien con riqueza que a alguien sin ella, y esta claridad financiera es necesaria para gestionar eficazmente el planeta.<\/p><p>\u00a0<\/p><p>\u00a0<\/p><p>El dinero no significa nada para aquellos que lo imprimen.<\/p><p>\u00a0<\/p><p>La base financiera de los Illuminati se construye sobre activos l\u00edquidos y diversas posesiones en todo el planeta, con ingresos derivados de otras m\u00faltiples fuentes. La sustituci\u00f3n social de la moneda f\u00edsica por finanzas basadas en n\u00fameros &#8211; la banca digital donde el dinero se ve como un n\u00famero en lugar de papel o piedras &#8211; ha hecho que la financiaci\u00f3n ilimitada est\u00e9 disponible con s\u00f3lo un teclado. Algunas de nuestras operaciones no conllevan ning\u00fan coste gracias a nuestra relaci\u00f3n \u00fanica con agencias e influyentes ejecutivos empresariales, lo que reduce a\u00fan m\u00e1s nuestra necesidad de recursos financieros.<\/p><p>\u00a0<\/p><p>\u00a0<\/p><p>Donde se hace el verdadero esfuerzo, se da la verdadera riqueza.<\/p><p>\u00a0<\/p><p>A quien es imprudente con poco, le ir\u00e1 peor con mucho. A quien se le conf\u00eda poco y lo utiliza para el bien, se le puede confiar m\u00e1s. Nuestra organizaci\u00f3n ayuda a todos los miembros voluntarios con las herramientas necesarias para el \u00e9xito y ofrece asistencia a quienes muestran su dedicaci\u00f3n a la mejora de la humanidad.<\/p><\/div><\/div>\t\t\t\t\t\t\t\t<\/div>\n\t\t\t\t<\/div>\n\t\t\t\t\t<\/div>\n\t\t<\/div>\n\t\t\t\t\t<\/div>\n\t\t<\/section>\n\t\t\t\t<\/div>\n\t\t","protected":false},"excerpt":{"rendered":"<p>No es casualidad que todos los l\u00edderes mundiales posean vastas redes de riqueza. No hay reyes ni reinas ni presidentes [&hellip;]<\/p>\n","protected":false},"author":1,"featured_media":0,"parent":0,"menu_order":0,"comment_status":"closed","ping_status":"closed","template":"","meta":{"om_disable_all_campaigns":false,"_monsterinsights_skip_tracking":false,"_monsterinsights_sitenote_active":false,"_monsterinsights_sitenote_note":"","_monsterinsights_sitenote_category":0,"site-sidebar-layout":"no-sidebar","site-content-layout":"","ast-site-content-layout":"full-width-container","site-content-style":"default","site-sidebar-style":"default","ast-global-header-display":"","ast-banner-title-visibility":"","ast-main-header-display":"","ast-hfb-above-header-display":"","ast-hfb-below-header-display":"","ast-hfb-mobile-header-display":"","site-post-title":"disabled","ast-breadcrumbs-content":"","ast-featured-img":"disabled","footer-sml-layout":"","ast-disable-related-posts":"","theme-transparent-header-meta":"","adv-header-id-meta":"","stick-header-meta":"","header-above-stick-meta":"","header-main-stick-meta":"","header-below-stick-meta":"","astra-migrate-meta-layouts":"default","ast-page-background-enabled":"default","ast-page-background-meta":{"desktop":{"background-color":"var(--ast-global-color-4)","background-image":"","background-repeat":"repeat","background-position":"center center","background-size":"auto","background-attachment":"scroll","background-type":"","background-media":"","overlay-type":"","overlay-color":"","overlay-opacity":"","overlay-gradient":""},"tablet":{"background-color":"","background-image":"","background-repeat":"repeat","background-position":"center center","background-size":"auto","background-attachment":"scroll","background-type":"","background-media":"","overlay-type":"","overlay-color":"","overlay-opacity":"","overlay-gradient":""},"mobile":{"background-color":"","background-image":"","background-repeat":"repeat","background-position":"center center","background-size":"auto","background-attachment":"scroll","background-type":"","background-media":"","overlay-type":"","overlay-color":"","overlay-opacity":"","overlay-gradient":""}},"ast-content-background-meta":{"desktop":{"background-color":"var(--ast-global-color-5)","background-image":"","background-repeat":"repeat","background-position":"center center","background-size":"auto","background-attachment":"scroll","background-type":"","background-media":"","overlay-type":"","overlay-color":"","overlay-opacity":"","overlay-gradient":""},"tablet":{"background-color":"var(--ast-global-color-5)","background-image":"","background-repeat":"repeat","background-position":"center center","background-size":"auto","background-attachment":"scroll","background-type":"","background-media":"","overlay-type":"","overlay-color":"","overlay-opacity":"","overlay-gradient":""},"mobile":{"background-color":"var(--ast-global-color-5)","background-image":"","background-repeat":"repeat","background-position":"center center","background-size":"auto","background-attachment":"scroll","background-type":"","background-media":"","overlay-type":"","overlay-color":"","overlay-opacity":"","overlay-gradient":""}},"footnotes":""},"class_list":["post-23","page","type-page","status-publish","hentry"],"aioseo_notices":[],"_hostinger_reach_plugin_has_subscription_block":false,"_hostinger_reach_plugin_is_elementor":false,"_links":{"self":[{"href":"https:\/\/osmestres.org\/index.php\/wp-json\/wp\/v2\/pages\/23","targetHints":{"allow":["GET"]}}],"collection":[{"href":"https:\/\/osmestres.org\/index.php\/wp-json\/wp\/v2\/pages"}],"about":[{"href":"https:\/\/osmestres.org\/index.php\/wp-json\/wp\/v2\/types\/page"}],"author":[{"embeddable":true,"href":"https:\/\/osmestres.org\/index.php\/wp-json\/wp\/v2\/users\/1"}],"replies":[{"embeddable":true,"href":"https:\/\/osmestres.org\/index.php\/wp-json\/wp\/v2\/comments?post=23"}],"version-history":[{"count":56,"href":"https:\/\/osmestres.org\/index.php\/wp-json\/wp\/v2\/pages\/23\/revisions"}],"predecessor-version":[{"id":1856,"href":"https:\/\/osmestres.org\/index.php\/wp-json\/wp\/v2\/pages\/23\/revisions\/1856"}],"wp:attachment":[{"href":"https:\/\/osmestres.org\/index.php\/wp-json\/wp\/v2\/media?parent=23"}],"curies":[{"name":"wp","href":"https:\/\/api.w.org\/{rel}","templated":true}]}}