{"id":1026,"date":"2024-12-17T13:07:51","date_gmt":"2024-12-17T13:07:51","guid":{"rendered":"https:\/\/osmestres.org\/?page_id=1026"},"modified":"2025-08-21T02:02:28","modified_gmt":"2025-08-21T02:02:28","slug":"who-we-are","status":"publish","type":"page","link":"https:\/\/osmestres.org\/index.php\/who-we-are\/","title":{"rendered":"QUI\u00c9NES SOMOS"},"content":{"rendered":"\t\t<div data-elementor-type=\"wp-page\" data-elementor-id=\"1026\" class=\"elementor elementor-1026\" data-elementor-post-type=\"page\">\n\t\t\t\t<div class=\"elementor-element elementor-element-2d37327 e-flex e-con-boxed e-con e-parent\" data-id=\"2d37327\" data-element_type=\"container\" data-e-type=\"container\" data-settings=\"{&quot;background_background&quot;:&quot;classic&quot;}\">\n\t\t\t\t\t<div class=\"e-con-inner\">\n\t\t\t\t<div class=\"elementor-element elementor-element-38b9db8 elementor-widget elementor-widget-spacer\" data-id=\"38b9db8\" data-element_type=\"widget\" data-e-type=\"widget\" data-widget_type=\"spacer.default\">\n\t\t\t\t<div class=\"elementor-widget-container\">\n\t\t\t\t\t\t\t<div class=\"elementor-spacer\">\n\t\t\t<div class=\"elementor-spacer-inner\"><\/div>\n\t\t<\/div>\n\t\t\t\t\t\t<\/div>\n\t\t\t\t<\/div>\n\t\t\t\t<div class=\"elementor-element elementor-element-420db9a elementor-widget elementor-widget-heading\" data-id=\"420db9a\" data-element_type=\"widget\" data-e-type=\"widget\" data-widget_type=\"heading.default\">\n\t\t\t\t<div class=\"elementor-widget-container\">\n\t\t\t\t\t<h2 class=\"elementor-heading-title elementor-size-default\">QUI\u00c9NES SOMOS<\/h2>\t\t\t\t<\/div>\n\t\t\t\t<\/div>\n\t\t\t\t\t<\/div>\n\t\t\t\t<\/div>\n\t\t<div class=\"elementor-element elementor-element-65fd09b e-flex e-con-boxed e-con e-parent\" data-id=\"65fd09b\" data-element_type=\"container\" data-e-type=\"container\" data-settings=\"{&quot;background_background&quot;:&quot;classic&quot;}\">\n\t\t\t\t\t<div class=\"e-con-inner\">\n\t\t\t\t<div class=\"elementor-element elementor-element-8f10d14 elementor-widget elementor-widget-text-editor\" data-id=\"8f10d14\" data-element_type=\"widget\" data-e-type=\"widget\" data-widget_type=\"text-editor.default\">\n\t\t\t\t<div class=\"elementor-widget-container\">\n\t\t\t\t\t\t\t\t\t<p>Somos una Sociedad Gn\u00f3stica que est\u00e1 muy interesada en la hermandad esot\u00e9rica del hombre y en todas las ideas que la humanidad entera ha ideado y en todos los sistemas y t\u00e9cnicas de desarrollo del yo y de la comunidad. Nos vemos a nosotros mismos como un tipo de fraternidad &#8211; muy parecida (a los Illuminati mas\u00f3nicos) a una hermandad inici\u00e1tica en cierto modo con nuestros propios rituales y nuestros propios misterios, y as\u00ed somos muy diferentes pero tenemos una intersecci\u00f3n &#8211; nos intersectamos unos con otros no obstante.<\/p>\t\t\t\t\t\t\t\t<\/div>\n\t\t\t\t<\/div>\n\t\t\t\t\t<\/div>\n\t\t\t\t<\/div>\n\t\t<div class=\"elementor-element elementor-element-3ac16bd e-flex e-con-boxed e-con e-parent\" data-id=\"3ac16bd\" data-element_type=\"container\" data-e-type=\"container\" data-settings=\"{&quot;background_background&quot;:&quot;classic&quot;}\">\n\t\t\t\t\t<div class=\"e-con-inner\">\n\t\t<div class=\"elementor-element elementor-element-b695b96 e-con-full e-flex e-con e-child\" data-id=\"b695b96\" data-element_type=\"container\" data-e-type=\"container\">\n\t\t\t\t<div class=\"elementor-element elementor-element-ab1062a elementor-widget elementor-widget-image\" data-id=\"ab1062a\" data-element_type=\"widget\" data-e-type=\"widget\" data-widget_type=\"image.default\">\n\t\t\t\t<div class=\"elementor-widget-container\">\n\t\t\t\t\t\t\t\t\t\t\t\t\t\t\t<img fetchpriority=\"high\" decoding=\"async\" width=\"540\" height=\"540\" src=\"https:\/\/osmestres.org\/wp-content\/uploads\/2024\/12\/giphy-1.gif\" class=\"attachment-large size-large wp-image-1037\" alt=\"\" \/>\t\t\t\t\t\t\t\t\t\t\t\t\t\t\t<\/div>\n\t\t\t\t<\/div>\n\t\t\t\t<\/div>\n\t\t<div class=\"elementor-element elementor-element-915273b e-con-full e-flex e-con e-child\" data-id=\"915273b\" data-element_type=\"container\" data-e-type=\"container\">\n\t\t\t\t<div class=\"elementor-element elementor-element-4a38ea4 elementor-widget elementor-widget-heading\" data-id=\"4a38ea4\" data-element_type=\"widget\" data-e-type=\"widget\" data-widget_type=\"heading.default\">\n\t\t\t\t<div class=\"elementor-widget-container\">\n\t\t\t\t\t<h2 class=\"elementor-heading-title elementor-size-default\">NUESTROS OBJETIVOS<\/h2>\t\t\t\t<\/div>\n\t\t\t\t<\/div>\n\t\t\t\t<div class=\"elementor-element elementor-element-b515e0d elementor-widget elementor-widget-heading\" data-id=\"b515e0d\" data-element_type=\"widget\" data-e-type=\"widget\" data-widget_type=\"heading.default\">\n\t\t\t\t<div class=\"elementor-widget-container\">\n\t\t\t\t\t<h2 class=\"elementor-heading-title elementor-size-default\">Los objetivos de los miembros Illuminati son:<\/h2>\t\t\t\t<\/div>\n\t\t\t\t<\/div>\n\t\t\t\t<div class=\"elementor-element elementor-element-eb7f3e6 elementor-widget elementor-widget-text-editor\" data-id=\"eb7f3e6\" data-element_type=\"widget\" data-e-type=\"widget\" data-widget_type=\"text-editor.default\">\n\t\t\t\t<div class=\"elementor-widget-container\">\n\t\t\t\t\t\t\t\t\t<ul><li>La b\u00fasqueda de la verdad.<\/li><li>La profundizaci\u00f3n en la moralidad.<\/li><li>Trabajar en la mejora de la situaci\u00f3n material y moral y en la mejora mental y social de la humanidad.<\/li><li>Extender a todos los miembros de la humanidad los lazos fraternales entre los miembros illuminati de todo el mundo; tambi\u00e9n promover esta idea con el ejemplo, de palabra y por escrito.<\/li><li>Ayudar a hacer del mundo un lugar mejor para vivir, ayud\u00e1ndose unos a otros, a la comunidad, a los menos afortunados, a los j\u00f3venes, a los ancianos y al medio ambiente de todas las formas posibles.<\/li><\/ul>\t\t\t\t\t\t\t\t<\/div>\n\t\t\t\t<\/div>\n\t\t\t\t<\/div>\n\t\t\t\t\t<\/div>\n\t\t\t\t<\/div>\n\t\t<div class=\"elementor-element elementor-element-9898d08 e-flex e-con-boxed e-con e-parent\" data-id=\"9898d08\" data-element_type=\"container\" data-e-type=\"container\" data-settings=\"{&quot;background_background&quot;:&quot;classic&quot;}\">\n\t\t\t\t\t<div class=\"e-con-inner\">\n\t\t\t\t\t<\/div>\n\t\t\t\t<\/div>\n\t\t<div class=\"elementor-element elementor-element-04ea967 e-flex e-con-boxed e-con e-parent\" data-id=\"04ea967\" data-element_type=\"container\" data-e-type=\"container\" data-settings=\"{&quot;background_background&quot;:&quot;classic&quot;}\">\n\t\t\t\t\t<div class=\"e-con-inner\">\n\t\t\t\t<div class=\"elementor-element elementor-element-01b5439 elementor-widget elementor-widget-heading\" data-id=\"01b5439\" data-element_type=\"widget\" data-e-type=\"widget\" data-widget_type=\"heading.default\">\n\t\t\t\t<div class=\"elementor-widget-container\">\n\t\t\t\t\t<h2 class=\"elementor-heading-title elementor-size-default\">Nuevo Orden Mundial\n<\/h2>\t\t\t\t<\/div>\n\t\t\t\t<\/div>\n\t\t\t\t<div class=\"elementor-element elementor-element-130e8a2 elementor-widget elementor-widget-text-editor\" data-id=\"130e8a2\" data-element_type=\"widget\" data-e-type=\"widget\" data-widget_type=\"text-editor.default\">\n\t\t\t\t<div class=\"elementor-widget-container\">\n\t\t\t\t\t\t\t\t\t<p>Nuestras manos est\u00e1n puestas en secreto en muchos aspectos importantes de la sociedad y el gobierno y estamos trabajando para establecer un Nuevo Orden Mundial<\/p>\t\t\t\t\t\t\t\t<\/div>\n\t\t\t\t<\/div>\n\t\t\t\t<div class=\"elementor-element elementor-element-0c14603 elementor-widget elementor-widget-heading\" data-id=\"0c14603\" data-element_type=\"widget\" data-e-type=\"widget\" data-widget_type=\"heading.default\">\n\t\t\t\t<div class=\"elementor-widget-container\">\n\t\t\t\t\t<h2 class=\"elementor-heading-title elementor-size-default\">Nuestra historia en breve\n<\/h2>\t\t\t\t<\/div>\n\t\t\t\t<\/div>\n\t\t\t\t\t<\/div>\n\t\t\t\t<\/div>\n\t\t<div class=\"elementor-element elementor-element-81c14f3 e-flex e-con-boxed e-con e-parent\" data-id=\"81c14f3\" data-element_type=\"container\" data-e-type=\"container\" data-settings=\"{&quot;background_background&quot;:&quot;classic&quot;}\">\n\t\t\t\t\t<div class=\"e-con-inner\">\n\t\t\t\t\t<\/div>\n\t\t\t\t<\/div>\n\t\t<div class=\"elementor-element elementor-element-c654038 e-flex e-con-boxed e-con e-parent\" data-id=\"c654038\" data-element_type=\"container\" data-e-type=\"container\">\n\t\t\t\t\t<div class=\"e-con-inner\">\n\t\t\t\t<div class=\"elementor-element elementor-element-2869b2f elementor-widget elementor-widget-text-editor\" data-id=\"2869b2f\" data-element_type=\"widget\" data-e-type=\"widget\" data-widget_type=\"text-editor.default\">\n\t\t\t\t<div class=\"elementor-widget-container\">\n\t\t\t\t\t\t\t\t\t<p>El 1 de mayo de 1776, Adam Weishaupt, profesor de Derecho en la Universidad de Ingolstadt, fund\u00f3 la Orden de los Illuminati, una organizaci\u00f3n secreta creada para oponerse a la influencia religiosa en la sociedad y al abuso de poder por parte del Estado, fomentando un espacio seguro para la cr\u00edtica, el debate y la libertad de expresi\u00f3n. Inspirado por los francmasones y los fil\u00f3sofos franceses de la Ilustraci\u00f3n, Weishaupt cre\u00eda que la sociedad ya no deb\u00eda estar dictada por virtudes religiosas; en su lugar, quer\u00eda crear un estado de libertad e igualdad moral en el que el conocimiento no estuviera restringido por prejuicios religiosos. Sin embargo, el conservadurismo religioso y pol\u00edtico imperaba en Ingolstadt en aquella \u00e9poca, y las materias que se impart\u00edan en la universidad controlada por los jesuitas en la que Weishaupt daba clases estaban estrictamente vigiladas.<\/p><p>Tras seleccionar inicialmente a sus cinco estudiantes de Derecho con m\u00e1s talento, la red se expandi\u00f3 con rapidez y sus miembros difundieron los objetivos de Weishaupt de iluminaci\u00f3n con ense\u00f1anzas radicales, al tiempo que creaban una elaborada red de informantes que informaban sobre el comportamiento de figuras estatales y religiosas en un esfuerzo por acumular un caudal de informaci\u00f3n que los Illuminati pudieran explotar en sus ense\u00f1anzas. Con la ayuda del destacado diplom\u00e1tico alem\u00e1n bar\u00f3n Adolf Franz Friedrich, Freiherr von Knigge -que ayud\u00f3 a reclutar logias mas\u00f3nicas para la causa Illuminati-, el grupo clandestino lleg\u00f3 a tener m\u00e1s de 2.000 miembros en Baviera, Francia, Hungr\u00eda, Italia y Polonia, entre otros lugares.<\/p>\t\t\t\t\t\t\t\t<\/div>\n\t\t\t\t<\/div>\n\t\t\t\t\t<\/div>\n\t\t\t\t<\/div>\n\t\t\t\t<\/div>\n\t\t","protected":false},"excerpt":{"rendered":"<p>QUI\u00c9NES SOMOS Somos una Sociedad Gn\u00f3stica que est\u00e1 muy interesada en la hermandad esot\u00e9rica del hombre y en todas las [&hellip;]<\/p>\n","protected":false},"author":1,"featured_media":0,"parent":0,"menu_order":0,"comment_status":"closed","ping_status":"closed","template":"","meta":{"om_disable_all_campaigns":false,"_monsterinsights_skip_tracking":false,"_monsterinsights_sitenote_active":false,"_monsterinsights_sitenote_note":"","_monsterinsights_sitenote_category":0,"site-sidebar-layout":"no-sidebar","site-content-layout":"","ast-site-content-layout":"full-width-container","site-content-style":"default","site-sidebar-style":"default","ast-global-header-display":"","ast-banner-title-visibility":"","ast-main-header-display":"","ast-hfb-above-header-display":"","ast-hfb-below-header-display":"","ast-hfb-mobile-header-display":"","site-post-title":"disabled","ast-breadcrumbs-content":"","ast-featured-img":"disabled","footer-sml-layout":"","ast-disable-related-posts":"","theme-transparent-header-meta":"","adv-header-id-meta":"","stick-header-meta":"","header-above-stick-meta":"","header-main-stick-meta":"","header-below-stick-meta":"","astra-migrate-meta-layouts":"default","ast-page-background-enabled":"default","ast-page-background-meta":{"desktop":{"background-color":"var(--ast-global-color-4)","background-image":"","background-repeat":"repeat","background-position":"center center","background-size":"auto","background-attachment":"scroll","background-type":"","background-media":"","overlay-type":"","overlay-color":"","overlay-opacity":"","overlay-gradient":""},"tablet":{"background-color":"","background-image":"","background-repeat":"repeat","background-position":"center center","background-size":"auto","background-attachment":"scroll","background-type":"","background-media":"","overlay-type":"","overlay-color":"","overlay-opacity":"","overlay-gradient":""},"mobile":{"background-color":"","background-image":"","background-repeat":"repeat","background-position":"center center","background-size":"auto","background-attachment":"scroll","background-type":"","background-media":"","overlay-type":"","overlay-color":"","overlay-opacity":"","overlay-gradient":""}},"ast-content-background-meta":{"desktop":{"background-color":"var(--ast-global-color-5)","background-image":"","background-repeat":"repeat","background-position":"center center","background-size":"auto","background-attachment":"scroll","background-type":"","background-media":"","overlay-type":"","overlay-color":"","overlay-opacity":"","overlay-gradient":""},"tablet":{"background-color":"var(--ast-global-color-5)","background-image":"","background-repeat":"repeat","background-position":"center center","background-size":"auto","background-attachment":"scroll","background-type":"","background-media":"","overlay-type":"","overlay-color":"","overlay-opacity":"","overlay-gradient":""},"mobile":{"background-color":"var(--ast-global-color-5)","background-image":"","background-repeat":"repeat","background-position":"center center","background-size":"auto","background-attachment":"scroll","background-type":"","background-media":"","overlay-type":"","overlay-color":"","overlay-opacity":"","overlay-gradient":""}},"footnotes":""},"class_list":["post-1026","page","type-page","status-publish","hentry"],"aioseo_notices":[],"_hostinger_reach_plugin_has_subscription_block":false,"_hostinger_reach_plugin_is_elementor":false,"_links":{"self":[{"href":"https:\/\/osmestres.org\/index.php\/wp-json\/wp\/v2\/pages\/1026","targetHints":{"allow":["GET"]}}],"collection":[{"href":"https:\/\/osmestres.org\/index.php\/wp-json\/wp\/v2\/pages"}],"about":[{"href":"https:\/\/osmestres.org\/index.php\/wp-json\/wp\/v2\/types\/page"}],"author":[{"embeddable":true,"href":"https:\/\/osmestres.org\/index.php\/wp-json\/wp\/v2\/users\/1"}],"replies":[{"embeddable":true,"href":"https:\/\/osmestres.org\/index.php\/wp-json\/wp\/v2\/comments?post=1026"}],"version-history":[{"count":62,"href":"https:\/\/osmestres.org\/index.php\/wp-json\/wp\/v2\/pages\/1026\/revisions"}],"predecessor-version":[{"id":1868,"href":"https:\/\/osmestres.org\/index.php\/wp-json\/wp\/v2\/pages\/1026\/revisions\/1868"}],"wp:attachment":[{"href":"https:\/\/osmestres.org\/index.php\/wp-json\/wp\/v2\/media?parent=1026"}],"curies":[{"name":"wp","href":"https:\/\/api.w.org\/{rel}","templated":true}]}}